{"id":4464,"date":"2023-06-23T02:14:51","date_gmt":"2023-06-23T09:14:51","guid":{"rendered":"http:\/\/gray-octopus-339309.hostingersite.com\/?page_id=4464"},"modified":"2023-06-23T04:35:17","modified_gmt":"2023-06-23T11:35:17","slug":"advance-contact","status":"publish","type":"page","link":"https:\/\/gray-octopus-339309.hostingersite.com\/fr\/advance-contact\/","title":{"rendered":"contact pr\u00e9alable"},"content":{"rendered":"<div data-elementor-type=\"wp-page\" data-elementor-id=\"4464\" class=\"elementor elementor-4464\" data-elementor-post-type=\"page\">\n\t\t\t\t\t\t<section class=\"elementor-section elementor-top-section elementor-element elementor-element-cbb933a elementor-section-boxed elementor-section-height-default elementor-section-height-default\" data-id=\"cbb933a\" data-element_type=\"section\" data-settings=\"{&quot;background_background&quot;:&quot;classic&quot;}\">\n\t\t\t\t\t\t<div class=\"elementor-container elementor-column-gap-default\">\n\t\t\t\t\t<div class=\"elementor-column elementor-col-100 elementor-top-column elementor-element elementor-element-2eb4297\" data-id=\"2eb4297\" data-element_type=\"column\">\n\t\t\t<div class=\"elementor-widget-wrap elementor-element-populated\">\n\t\t\t\t\t\t<section class=\"elementor-section elementor-inner-section elementor-element elementor-element-72f7397 elementor-section-boxed elementor-section-height-default elementor-section-height-default\" data-id=\"72f7397\" data-element_type=\"section\" data-settings=\"{&quot;background_background&quot;:&quot;classic&quot;}\">\n\t\t\t\t\t\t<div class=\"elementor-container elementor-column-gap-default\">\n\t\t\t\t\t<div class=\"elementor-column elementor-col-50 elementor-inner-column elementor-element elementor-element-6ad16e4\" data-id=\"6ad16e4\" data-element_type=\"column\" data-settings=\"{&quot;background_background&quot;:&quot;classic&quot;}\">\n\t\t\t<div class=\"elementor-widget-wrap elementor-element-populated\">\n\t\t\t\t\t\t<div class=\"elementor-element elementor-element-f324f77 elementor-widget elementor-widget-heading\" data-id=\"f324f77\" data-element_type=\"widget\" data-widget_type=\"heading.default\">\n\t\t\t\t<div class=\"elementor-widget-container\">\n\t\t\t<h2 class=\"elementor-heading-title elementor-size-default\">Official Information<\/h2>\t\t<\/div>\n\t\t\t\t<\/div>\n\t\t\t\t<div class=\"elementor-element elementor-element-20838f0 d-service-icon3 elementor-position-left elementor-vertical-align-top elementor-widget elementor-widget-image-box\" data-id=\"20838f0\" data-element_type=\"widget\" data-widget_type=\"image-box.default\">\n\t\t\t\t<div class=\"elementor-widget-container\">\n\t\t\t<div class=\"elementor-image-box-wrapper\"><figure class=\"elementor-image-box-img\"><img fetchpriority=\"high\" decoding=\"async\" width=\"512\" height=\"512\" src=\"data:image\/gif;base64,R0lGODlhAQABAIAAAAAAAP\/\/\/yH5BAEAAAAALAAAAAABAAEAAAIBRAA7\" data-src=\"https:\/\/gray-octopus-339309.hostingersite.com\/wp-content\/uploads\/2023\/06\/24-hours.png\" class=\"attachment-full size-full wp-image-4319 lazyload\" alt=\"\" \/><noscript><img decoding=\"async\" width=\"512\" height=\"512\" src=\"https:\/\/gray-octopus-339309.hostingersite.com\/wp-content\/uploads\/2023\/06\/24-hours.png\" class=\"attachment-full size-full wp-image-4319 lazyload\" alt=\"\" srcset=\"https:\/\/gray-octopus-339309.hostingersite.com\/wp-content\/uploads\/2023\/06\/24-hours.png 512w, https:\/\/gray-octopus-339309.hostingersite.com\/wp-content\/uploads\/2023\/06\/24-hours-300x300.png 300w, https:\/\/gray-octopus-339309.hostingersite.com\/wp-content\/uploads\/2023\/06\/24-hours-150x150.png 150w\" sizes=\"(max-width: 512px) 100vw, 512px\" \/><\/noscript><\/figure><div class=\"elementor-image-box-content\"><h3 class=\"elementor-image-box-title\">Address<\/h3><p class=\"elementor-image-box-description\">1001 S Meadows Pkwy, Reno, NV 89521<\/p><\/div><\/div>\t\t<\/div>\n\t\t\t\t<\/div>\n\t\t\t\t<div class=\"elementor-element elementor-element-622a9db d-service-icon3 elementor-position-left elementor-vertical-align-top elementor-widget elementor-widget-image-box\" data-id=\"622a9db\" data-element_type=\"widget\" data-widget_type=\"image-box.default\">\n\t\t\t\t<div class=\"elementor-widget-container\">\n\t\t\t<div class=\"elementor-image-box-wrapper\"><figure class=\"elementor-image-box-img\"><img decoding=\"async\" width=\"512\" height=\"512\" src=\"data:image\/gif;base64,R0lGODlhAQABAIAAAAAAAP\/\/\/yH5BAEAAAAALAAAAAABAAEAAAIBRAA7\" data-src=\"https:\/\/gray-octopus-339309.hostingersite.com\/wp-content\/uploads\/2023\/06\/phone-call.png\" class=\"attachment-full size-full wp-image-4601 lazyload\" alt=\"\" \/><noscript><img loading=\"lazy\" decoding=\"async\" width=\"512\" height=\"512\" src=\"https:\/\/gray-octopus-339309.hostingersite.com\/wp-content\/uploads\/2023\/06\/phone-call.png\" class=\"attachment-full size-full wp-image-4601 lazyload\" alt=\"\" srcset=\"https:\/\/gray-octopus-339309.hostingersite.com\/wp-content\/uploads\/2023\/06\/phone-call.png 512w, https:\/\/gray-octopus-339309.hostingersite.com\/wp-content\/uploads\/2023\/06\/phone-call-300x300.png 300w, https:\/\/gray-octopus-339309.hostingersite.com\/wp-content\/uploads\/2023\/06\/phone-call-150x150.png 150w\" sizes=\"(max-width: 512px) 100vw, 512px\" \/><\/noscript><\/figure><div class=\"elementor-image-box-content\"><h3 class=\"elementor-image-box-title\">Phone Number<\/h3><p class=\"elementor-image-box-description\">(775) 203-5750<\/p><\/div><\/div>\t\t<\/div>\n\t\t\t\t<\/div>\n\t\t\t\t<div class=\"elementor-element elementor-element-c7c79ec d-service-icon3 elementor-position-left elementor-vertical-align-top elementor-widget elementor-widget-image-box\" data-id=\"c7c79ec\" data-element_type=\"widget\" data-widget_type=\"image-box.default\">\n\t\t\t\t<div class=\"elementor-widget-container\">\n\t\t\t<div class=\"elementor-image-box-wrapper\"><figure class=\"elementor-image-box-img\"><img loading=\"lazy\" decoding=\"async\" width=\"512\" height=\"512\" src=\"data:image\/gif;base64,R0lGODlhAQABAIAAAAAAAP\/\/\/yH5BAEAAAAALAAAAAABAAEAAAIBRAA7\" data-src=\"https:\/\/gray-octopus-339309.hostingersite.com\/wp-content\/uploads\/2023\/06\/mail.png\" class=\"attachment-full size-full wp-image-4600 lazyload\" alt=\"\" \/><noscript><img loading=\"lazy\" decoding=\"async\" width=\"512\" height=\"512\" src=\"https:\/\/gray-octopus-339309.hostingersite.com\/wp-content\/uploads\/2023\/06\/mail.png\" class=\"attachment-full size-full wp-image-4600 lazyload\" alt=\"\" srcset=\"https:\/\/gray-octopus-339309.hostingersite.com\/wp-content\/uploads\/2023\/06\/mail.png 512w, https:\/\/gray-octopus-339309.hostingersite.com\/wp-content\/uploads\/2023\/06\/mail-300x300.png 300w, https:\/\/gray-octopus-339309.hostingersite.com\/wp-content\/uploads\/2023\/06\/mail-150x150.png 150w\" sizes=\"(max-width: 512px) 100vw, 512px\" \/><\/noscript><\/figure><div class=\"elementor-image-box-content\"><h3 class=\"elementor-image-box-title\">Email Us<\/h3><p class=\"elementor-image-box-description\">Serrurier775nv@gmail.com<\/p><\/div><\/div>\t\t<\/div>\n\t\t\t\t<\/div>\n\t\t\t\t\t<\/div>\n\t\t<\/div>\n\t\t\t\t<div class=\"elementor-column elementor-col-50 elementor-inner-column elementor-element elementor-element-476b600\" data-id=\"476b600\" data-element_type=\"column\" data-settings=\"{&quot;background_background&quot;:&quot;classic&quot;}\">\n\t\t\t<div class=\"elementor-widget-wrap elementor-element-populated\">\n\t\t\t\t\t\t<div class=\"elementor-element elementor-element-0ab88a1 elementor-widget elementor-widget-heading\" data-id=\"0ab88a1\" data-element_type=\"widget\" data-widget_type=\"heading.default\">\n\t\t\t\t<div class=\"elementor-widget-container\">\n\t\t\t<h2 class=\"elementor-heading-title elementor-size-default\">Get In touch with us<\/h2>\t\t<\/div>\n\t\t\t\t<\/div>\n\t\t\t\t<div class=\"elementor-element elementor-element-e3e9272 elementor-button-align-stretch elementor-widget elementor-widget-form\" data-id=\"e3e9272\" data-element_type=\"widget\" data-settings=\"{&quot;step_next_label&quot;:&quot;Next&quot;,&quot;step_previous_label&quot;:&quot;Previous&quot;,&quot;button_width&quot;:&quot;100&quot;,&quot;step_type&quot;:&quot;number_text&quot;,&quot;step_icon_shape&quot;:&quot;circle&quot;}\" data-widget_type=\"form.default\">\n\t\t\t\t<div class=\"elementor-widget-container\">\n\t\t\t\t\t<form class=\"elementor-form\" method=\"post\" name=\"New Form\">\n\t\t\t<input type=\"hidden\" name=\"post_id\" value=\"4464\"\/>\n\t\t\t<input type=\"hidden\" name=\"form_id\" value=\"e3e9272\"\/>\n\t\t\t<input type=\"hidden\" name=\"referer_title\" value=\"Locksmith 775 | Reno Locksmith\" \/>\n\n\t\t\t\n\t\t\t<div class=\"elementor-form-fields-wrapper elementor-labels-\">\n\t\t\t\t\t\t\t\t<div class=\"elementor-field-type-text elementor-field-group elementor-column elementor-field-group-name elementor-col-100\">\n\t\t\t\t\t\t\t\t\t\t\t\t<label for=\"form-field-name\" class=\"elementor-field-label elementor-screen-only\">\n\t\t\t\t\t\t\t\tNom\t\t\t\t\t\t\t<\/label>\n\t\t\t\t\t\t\t\t\t\t\t\t\t\t<input size=\"1\" type=\"text\" name=\"form_fields[name]\" id=\"form-field-name\" class=\"elementor-field elementor-size-sm  elementor-field-textual\" placeholder=\"votre nom\">\n\t\t\t\t\t\t\t\t\t\t\t<\/div>\n\t\t\t\t\t\t\t\t<div class=\"elementor-field-type-email elementor-field-group elementor-column elementor-field-group-email elementor-col-100 elementor-field-required\">\n\t\t\t\t\t\t\t\t\t\t\t\t<label for=\"form-field-email\" class=\"elementor-field-label elementor-screen-only\">\n\t\t\t\t\t\t\t\tVotre e-mail\t\t\t\t\t\t\t<\/label>\n\t\t\t\t\t\t\t\t\t\t\t\t\t\t<input size=\"1\" type=\"email\" name=\"form_fields[email]\" id=\"form-field-email\" class=\"elementor-field elementor-size-sm  elementor-field-textual\" placeholder=\"E-mail\" required=\"required\" aria-required=\"true\">\n\t\t\t\t\t\t\t\t\t\t\t<\/div>\n\t\t\t\t\t\t\t\t<div class=\"elementor-field-type-tel elementor-field-group elementor-column elementor-field-group-field_1 elementor-col-100 elementor-field-required\">\n\t\t\t\t\t\t\t\t\t\t\t\t<label for=\"form-field-field_1\" class=\"elementor-field-label elementor-screen-only\">\n\t\t\t\t\t\t\t\tT\u00e9l\u00e9phone\t\t\t\t\t\t\t<\/label>\n\t\t\t\t\t\t\t\t<input size=\"1\" type=\"tel\" name=\"form_fields[field_1]\" id=\"form-field-field_1\" class=\"elementor-field elementor-size-sm  elementor-field-textual\" placeholder=\"Votre t\u00e9l\u00e9phone\/cellulaire\" required=\"required\" aria-required=\"true\" pattern=\"[0-9()#&amp;+*-=.]+\" title=\"Seuls les caract\u00e8res de num\u00e9ros de t\u00e9l\u00e9phone (#, -, *, etc.) sont accept\u00e9s.\">\n\n\t\t\t\t\t\t<\/div>\n\t\t\t\t\t\t\t\t<div class=\"elementor-field-type-textarea elementor-field-group elementor-column elementor-field-group-message elementor-col-100\">\n\t\t\t\t\t\t\t\t\t\t\t\t<label for=\"form-field-message\" class=\"elementor-field-label elementor-screen-only\">\n\t\t\t\t\t\t\t\tMessage\t\t\t\t\t\t\t<\/label>\n\t\t\t\t\t\t<textarea class=\"elementor-field-textual elementor-field  elementor-size-sm\" name=\"form_fields[message]\" id=\"form-field-message\" rows=\"7\" placeholder=\"Votre message\"><\/textarea>\t\t\t\t<\/div>\n\t\t\t\t\t\t\t\t<div class=\"elementor-field-group elementor-column elementor-field-type-submit elementor-col-100 e-form__buttons\">\n\t\t\t\t\t<button class=\"elementor-button elementor-size-sm\" type=\"submit\">\n\t\t\t\t\t\t<span class=\"elementor-button-content-wrapper\">\n\t\t\t\t\t\t\t\t\t\t\t\t\t\t\t\t\t\t\t\t\t\t<span class=\"elementor-button-text\">Envoyer<\/span>\n\t\t\t\t\t\t\t\t\t\t\t\t\t<\/span>\n\t\t\t\t\t<\/button>\n\t\t\t\t<\/div>\n\t\t\t<\/div>\n\t\t<input type=\"hidden\" name=\"trp-form-language\" value=\"fr\"\/><\/form>\n\t\t\t\t<\/div>\n\t\t\t\t<\/div>\n\t\t\t\t\t<\/div>\n\t\t<\/div>\n\t\t\t\t\t<\/div>\n\t\t<\/section>\n\t\t\t\t\t<\/div>\n\t\t<\/div>\n\t\t\t\t\t<\/div>\n\t\t<\/section>\n\t\t\t\t<section class=\"elementor-section elementor-top-section elementor-element elementor-element-6d83657 elementor-section-full_width elementor-section-stretched elementor-section-height-default elementor-section-height-default\" data-id=\"6d83657\" data-element_type=\"section\" data-settings=\"{&quot;stretch_section&quot;:&quot;section-stretched&quot;}\">\n\t\t\t\t\t\t<div class=\"elementor-container elementor-column-gap-default\">\n\t\t\t\t\t<div class=\"elementor-column elementor-col-100 elementor-top-column elementor-element elementor-element-996e631\" data-id=\"996e631\" data-element_type=\"column\">\n\t\t\t<div class=\"elementor-widget-wrap elementor-element-populated\">\n\t\t\t\t\t\t<div class=\"elementor-element elementor-element-0b05778 elementor-widget elementor-widget-google_maps\" data-id=\"0b05778\" data-element_type=\"widget\" data-widget_type=\"google_maps.default\">\n\t\t\t\t<div class=\"elementor-widget-container\">\n\t\t\t\t\t<div class=\"elementor-custom-embed\">\n\t\t\t<iframe class=\"lazyload\" loading=\"lazy\"\n\t\t\t\t\tsrc=\"https:\/\/maps.google.com\/maps?q=1001%20S%20Meadows%20Pkwy%2C%20Reno%2C%20NV%2089521&#038;t=m&#038;z=10&#038;output=embed&#038;iwloc=near\"\n\t\t\t\t\ttitle=\"1001 S Meadows Pkwy, Reno, NV 89521\"\n\t\t\t\t\taria-label=\"1001 S Meadows Pkwy, Reno, NV 89521\"\n\t\t\t><\/iframe>\n\t\t<\/div>\n\t\t\t\t<\/div>\n\t\t\t\t<\/div>\n\t\t\t\t\t<\/div>\n\t\t<\/div>\n\t\t\t\t\t<\/div>\n\t\t<\/section>\n\t\t\t\t<\/div>","protected":false},"excerpt":{"rendered":"<p>Adresse d&#039;information officielle 1001 S Meadows Pkwy, Reno, NV 89521 Num\u00e9ro de t\u00e9l\u00e9phone (775) 203-5750 Envoyez-nous un e-mail Locksmith775nv@gmail.com Contactez-nous<\/p>","protected":false},"author":18,"featured_media":0,"parent":0,"menu_order":0,"comment_status":"closed","ping_status":"closed","template":"","meta":{"footnotes":""},"class_list":["post-4464","page","type-page","status-publish","hentry"],"yoast_head":"<!-- This site is optimized with the Yoast SEO plugin v23.7 - https:\/\/yoast.com\/wordpress\/plugins\/seo\/ -->\n<title>advance-contact - Locksmith 775 | Reno Locksmith<\/title>\n<meta name=\"robots\" content=\"index, follow, max-snippet:-1, max-image-preview:large, max-video-preview:-1\" \/>\n<link rel=\"canonical\" href=\"https:\/\/gray-octopus-339309.hostingersite.com\/fr\/advance-contact\/\" \/>\n<meta property=\"og:locale\" content=\"fr_FR\" \/>\n<meta property=\"og:type\" content=\"article\" \/>\n<meta property=\"og:title\" content=\"advance-contact - Locksmith 775 | Reno Locksmith\" \/>\n<meta property=\"og:description\" content=\"Official Information Address 1001 S Meadows Pkwy, Reno, NV 89521 Phone Number (775) 203-5750 Email Us Locksmith775nv@gmail.com Get In touch with us\" \/>\n<meta property=\"og:url\" content=\"https:\/\/gray-octopus-339309.hostingersite.com\/fr\/advance-contact\/\" \/>\n<meta property=\"og:site_name\" content=\"Locksmith 775 | Reno Locksmith\" \/>\n<meta property=\"article:modified_time\" content=\"2023-06-23T11:35:17+00:00\" \/>\n<meta property=\"og:image\" content=\"http:\/\/gray-octopus-339309.hostingersite.com\/wp-content\/uploads\/2023\/06\/24-hours.png\" \/>\n<meta name=\"twitter:card\" content=\"summary_large_image\" \/>\n<meta name=\"twitter:label1\" content=\"Dur\u00e9e de lecture estim\u00e9e\" \/>\n\t<meta name=\"twitter:data1\" content=\"1 minute\" \/>\n<script type=\"application\/ld+json\" class=\"yoast-schema-graph\">{\"@context\":\"https:\/\/schema.org\",\"@graph\":[{\"@type\":\"WebPage\",\"@id\":\"https:\/\/gray-octopus-339309.hostingersite.com\/advance-contact\/\",\"url\":\"https:\/\/gray-octopus-339309.hostingersite.com\/advance-contact\/\",\"name\":\"advance-contact - Locksmith 775 | Reno Locksmith\",\"isPartOf\":{\"@id\":\"https:\/\/gray-octopus-339309.hostingersite.com\/pl\/#website\"},\"primaryImageOfPage\":{\"@id\":\"https:\/\/gray-octopus-339309.hostingersite.com\/advance-contact\/#primaryimage\"},\"image\":{\"@id\":\"https:\/\/gray-octopus-339309.hostingersite.com\/advance-contact\/#primaryimage\"},\"thumbnailUrl\":\"http:\/\/gray-octopus-339309.hostingersite.com\/wp-content\/uploads\/2023\/06\/24-hours.png\",\"datePublished\":\"2023-06-23T09:14:51+00:00\",\"dateModified\":\"2023-06-23T11:35:17+00:00\",\"breadcrumb\":{\"@id\":\"https:\/\/gray-octopus-339309.hostingersite.com\/advance-contact\/#breadcrumb\"},\"inLanguage\":\"fr-FR\",\"potentialAction\":[{\"@type\":\"ReadAction\",\"target\":[\"https:\/\/gray-octopus-339309.hostingersite.com\/advance-contact\/\"]}]},{\"@type\":\"ImageObject\",\"inLanguage\":\"fr-FR\",\"@id\":\"https:\/\/gray-octopus-339309.hostingersite.com\/advance-contact\/#primaryimage\",\"url\":\"http:\/\/gray-octopus-339309.hostingersite.com\/wp-content\/uploads\/2023\/06\/24-hours.png\",\"contentUrl\":\"http:\/\/gray-octopus-339309.hostingersite.com\/wp-content\/uploads\/2023\/06\/24-hours.png\"},{\"@type\":\"BreadcrumbList\",\"@id\":\"https:\/\/gray-octopus-339309.hostingersite.com\/advance-contact\/#breadcrumb\",\"itemListElement\":[{\"@type\":\"ListItem\",\"position\":1,\"name\":\"Home\",\"item\":\"https:\/\/gray-octopus-339309.hostingersite.com\/pl\/\"},{\"@type\":\"ListItem\",\"position\":2,\"name\":\"advance-contact\"}]},{\"@type\":\"WebSite\",\"@id\":\"https:\/\/gray-octopus-339309.hostingersite.com\/pl\/#website\",\"url\":\"https:\/\/gray-octopus-339309.hostingersite.com\/pl\/\",\"name\":\"Locksmith 775 | Reno Locksmith\",\"description\":\"Reno Locksmith Services - Serving Reno-Sparks\",\"publisher\":{\"@id\":\"https:\/\/gray-octopus-339309.hostingersite.com\/pl\/#organization\"},\"potentialAction\":[{\"@type\":\"SearchAction\",\"target\":{\"@type\":\"EntryPoint\",\"urlTemplate\":\"https:\/\/gray-octopus-339309.hostingersite.com\/pl\/?s={search_term_string}\"},\"query-input\":{\"@type\":\"PropertyValueSpecification\",\"valueRequired\":true,\"valueName\":\"search_term_string\"}}],\"inLanguage\":\"fr-FR\"},{\"@type\":\"Organization\",\"@id\":\"https:\/\/gray-octopus-339309.hostingersite.com\/pl\/#organization\",\"name\":\"LA Best Locksmith\",\"url\":\"https:\/\/gray-octopus-339309.hostingersite.com\/pl\/\",\"logo\":{\"@type\":\"ImageObject\",\"inLanguage\":\"fr-FR\",\"@id\":\"https:\/\/gray-octopus-339309.hostingersite.com\/pl\/#\/schema\/logo\/image\/\",\"url\":\"https:\/\/gray-octopus-339309.hostingersite.com\/wp-content\/uploads\/2018\/10\/cropped-logo-274.png\",\"contentUrl\":\"https:\/\/gray-octopus-339309.hostingersite.com\/wp-content\/uploads\/2018\/10\/cropped-logo-274.png\",\"width\":600,\"height\":274,\"caption\":\"LA Best Locksmith\"},\"image\":{\"@id\":\"https:\/\/gray-octopus-339309.hostingersite.com\/pl\/#\/schema\/logo\/image\/\"}}]}<\/script>\n<!-- \/ Yoast SEO plugin. -->","yoast_head_json":{"title":"advance-contact - Locksmith 775 | Reno Locksmith","robots":{"index":"index","follow":"follow","max-snippet":"max-snippet:-1","max-image-preview":"max-image-preview:large","max-video-preview":"max-video-preview:-1"},"canonical":"https:\/\/gray-octopus-339309.hostingersite.com\/fr\/advance-contact\/","og_locale":"fr_FR","og_type":"article","og_title":"advance-contact - Locksmith 775 | Reno Locksmith","og_description":"Official Information Address 1001 S Meadows Pkwy, Reno, NV 89521 Phone Number (775) 203-5750 Email Us Locksmith775nv@gmail.com Get In touch with us","og_url":"https:\/\/gray-octopus-339309.hostingersite.com\/fr\/advance-contact\/","og_site_name":"Locksmith 775 | Reno Locksmith","article_modified_time":"2023-06-23T11:35:17+00:00","og_image":[{"url":"http:\/\/gray-octopus-339309.hostingersite.com\/wp-content\/uploads\/2023\/06\/24-hours.png"}],"twitter_card":"summary_large_image","twitter_misc":{"Dur\u00e9e de lecture estim\u00e9e":"1 minute"},"schema":{"@context":"https:\/\/schema.org","@graph":[{"@type":"WebPage","@id":"https:\/\/gray-octopus-339309.hostingersite.com\/advance-contact\/","url":"https:\/\/gray-octopus-339309.hostingersite.com\/advance-contact\/","name":"advance-contact - Locksmith 775 | Reno Locksmith","isPartOf":{"@id":"https:\/\/gray-octopus-339309.hostingersite.com\/pl\/#website"},"primaryImageOfPage":{"@id":"https:\/\/gray-octopus-339309.hostingersite.com\/advance-contact\/#primaryimage"},"image":{"@id":"https:\/\/gray-octopus-339309.hostingersite.com\/advance-contact\/#primaryimage"},"thumbnailUrl":"http:\/\/gray-octopus-339309.hostingersite.com\/wp-content\/uploads\/2023\/06\/24-hours.png","datePublished":"2023-06-23T09:14:51+00:00","dateModified":"2023-06-23T11:35:17+00:00","breadcrumb":{"@id":"https:\/\/gray-octopus-339309.hostingersite.com\/advance-contact\/#breadcrumb"},"inLanguage":"fr-FR","potentialAction":[{"@type":"ReadAction","target":["https:\/\/gray-octopus-339309.hostingersite.com\/advance-contact\/"]}]},{"@type":"ImageObject","inLanguage":"fr-FR","@id":"https:\/\/gray-octopus-339309.hostingersite.com\/advance-contact\/#primaryimage","url":"http:\/\/gray-octopus-339309.hostingersite.com\/wp-content\/uploads\/2023\/06\/24-hours.png","contentUrl":"http:\/\/gray-octopus-339309.hostingersite.com\/wp-content\/uploads\/2023\/06\/24-hours.png"},{"@type":"BreadcrumbList","@id":"https:\/\/gray-octopus-339309.hostingersite.com\/advance-contact\/#breadcrumb","itemListElement":[{"@type":"ListItem","position":1,"name":"Home","item":"https:\/\/gray-octopus-339309.hostingersite.com\/pl\/"},{"@type":"ListItem","position":2,"name":"advance-contact"}]},{"@type":"WebSite","@id":"https:\/\/gray-octopus-339309.hostingersite.com\/pl\/#website","url":"https:\/\/gray-octopus-339309.hostingersite.com\/pl\/","name":"Locksmith 775 | Reno Locksmith","description":"Reno Locksmith Services - Serving Reno-Sparks","publisher":{"@id":"https:\/\/gray-octopus-339309.hostingersite.com\/pl\/#organization"},"potentialAction":[{"@type":"SearchAction","target":{"@type":"EntryPoint","urlTemplate":"https:\/\/gray-octopus-339309.hostingersite.com\/pl\/?s={search_term_string}"},"query-input":{"@type":"PropertyValueSpecification","valueRequired":true,"valueName":"search_term_string"}}],"inLanguage":"fr-FR"},{"@type":"Organization","@id":"https:\/\/gray-octopus-339309.hostingersite.com\/pl\/#organization","name":"LA Best Locksmith","url":"https:\/\/gray-octopus-339309.hostingersite.com\/pl\/","logo":{"@type":"ImageObject","inLanguage":"fr-FR","@id":"https:\/\/gray-octopus-339309.hostingersite.com\/pl\/#\/schema\/logo\/image\/","url":"https:\/\/gray-octopus-339309.hostingersite.com\/wp-content\/uploads\/2018\/10\/cropped-logo-274.png","contentUrl":"https:\/\/gray-octopus-339309.hostingersite.com\/wp-content\/uploads\/2018\/10\/cropped-logo-274.png","width":600,"height":274,"caption":"LA Best Locksmith"},"image":{"@id":"https:\/\/gray-octopus-339309.hostingersite.com\/pl\/#\/schema\/logo\/image\/"}}]}},"_links":{"self":[{"href":"https:\/\/gray-octopus-339309.hostingersite.com\/fr\/wp-json\/wp\/v2\/pages\/4464","targetHints":{"allow":["GET"]}}],"collection":[{"href":"https:\/\/gray-octopus-339309.hostingersite.com\/fr\/wp-json\/wp\/v2\/pages"}],"about":[{"href":"https:\/\/gray-octopus-339309.hostingersite.com\/fr\/wp-json\/wp\/v2\/types\/page"}],"author":[{"embeddable":true,"href":"https:\/\/gray-octopus-339309.hostingersite.com\/fr\/wp-json\/wp\/v2\/users\/18"}],"replies":[{"embeddable":true,"href":"https:\/\/gray-octopus-339309.hostingersite.com\/fr\/wp-json\/wp\/v2\/comments?post=4464"}],"version-history":[{"count":0,"href":"https:\/\/gray-octopus-339309.hostingersite.com\/fr\/wp-json\/wp\/v2\/pages\/4464\/revisions"}],"wp:attachment":[{"href":"https:\/\/gray-octopus-339309.hostingersite.com\/fr\/wp-json\/wp\/v2\/media?parent=4464"}],"curies":[{"name":"wp","href":"https:\/\/api.w.org\/{rel}","templated":true}]}}