{"id":1677,"date":"2019-01-27T12:16:37","date_gmt":"2019-01-27T20:16:37","guid":{"rendered":"http:\/\/gray-octopus-339309.hostingersite.com\/?page_id=1677"},"modified":"2019-12-26T18:48:16","modified_gmt":"2019-12-27T02:48:16","slug":"emergency-locksmiths-need","status":"publish","type":"page","link":"https:\/\/gray-octopus-339309.hostingersite.com\/es_co\/emergency-locksmiths-need\/","title":{"rendered":"Cerrajeros de emergencia cuando m\u00e1s lo necesita"},"content":{"rendered":"<div data-elementor-type=\"wp-post\" data-elementor-id=\"1677\" class=\"elementor elementor-1677\" data-elementor-post-type=\"page\">\n\t\t\t\t\t\t<section class=\"elementor-section elementor-top-section elementor-element elementor-element-241a743 elementor-section-stretched elementor-section-boxed elementor-section-height-default elementor-section-height-default\" data-id=\"241a743\" data-element_type=\"section\" data-settings=\"{&quot;stretch_section&quot;:&quot;section-stretched&quot;,&quot;background_background&quot;:&quot;classic&quot;}\">\n\t\t\t\t\t\t\t<div class=\"elementor-background-overlay\"><\/div>\n\t\t\t\t\t\t\t<div class=\"elementor-container elementor-column-gap-default\">\n\t\t\t\t\t<div class=\"elementor-column elementor-col-100 elementor-top-column elementor-element elementor-element-3880c83\" data-id=\"3880c83\" data-element_type=\"column\">\n\t\t\t<div class=\"elementor-widget-wrap elementor-element-populated\">\n\t\t\t\t\t\t<div class=\"elementor-element elementor-element-a1e3367 elementor-widget elementor-widget-heading\" data-id=\"a1e3367\" data-element_type=\"widget\" data-widget_type=\"heading.default\">\n\t\t\t\t<div class=\"elementor-widget-container\">\n\t\t\t<h1 class=\"elementor-heading-title elementor-size-default\">Cerrajeros de emergencia cuando m\u00e1s lo necesita<\/h1>\t\t<\/div>\n\t\t\t\t<\/div>\n\t\t\t\t\t<\/div>\n\t\t<\/div>\n\t\t\t\t\t<\/div>\n\t\t<\/section>\n\t\t\t\t<section class=\"elementor-section elementor-top-section elementor-element elementor-element-4f8c1fb elementor-section-boxed elementor-section-height-default elementor-section-height-default\" data-id=\"4f8c1fb\" data-element_type=\"section\">\n\t\t\t\t\t\t<div class=\"elementor-container elementor-column-gap-default\">\n\t\t\t\t\t<div class=\"elementor-column elementor-col-100 elementor-top-column elementor-element elementor-element-ae1e1f1\" data-id=\"ae1e1f1\" data-element_type=\"column\">\n\t\t\t<div class=\"elementor-widget-wrap elementor-element-populated\">\n\t\t\t\t\t\t<div class=\"elementor-element elementor-element-381ed1b elementor-widget elementor-widget-text-editor\" data-id=\"381ed1b\" data-element_type=\"widget\" data-widget_type=\"text-editor.default\">\n\t\t\t\t<div class=\"elementor-widget-container\">\n\t\t\t\t\t\t\t<div class=\"text-content\"><p>If you are looking for an\u00a0<a href=\"\/es_co\/emergency-work-lockout-call-locksmith-775.html\/\" target=\"_blank\" rel=\"noopener noreferrer\">cerrajero de emergencia en Reno<\/a>, you found the best with Locksmith 775. We are Reno and Sparks number 1 emergency locksmith service. No one likes to be stuck, especially if it\u2019s at night. We will come to you at your hour of need, no matter what time, anywhere in Reno-Sparks.<\/p><p>Nuestro 24\/7\u00a0<a href=\"\/es_co\/automotive-locksmith.html\/\">Servicio m\u00f3vil de cerrajer\u00eda en Reno.\u00a0<\/a>Es ideal para cualquier autom\u00f3vil o\u00a0<a href=\"\/es_co\/automotive-locksmith.html\/\">cerrajero en movimiento<\/a>\u00a0necesidades. Una vez que se comunique con Locksmith 775, le alegrar\u00e1 saber que se enviar\u00e1 un t\u00e9cnico a su ubicaci\u00f3n en solo 15 a 25 minutos, garantizado. \u00a1Somos r\u00e1pidos! Locksmith 775 es un servicio de cerrajer\u00eda sin complicaciones en Reno, que ofrece trabajo de calidad realizado por expertos certificados que siempre pueden responder cualquier pregunta que pueda tener sobre el servicio de cerrajer\u00eda solicitado.<\/p><p>Do you have a<a href=\"\/es_co\/contact-us.html\/\" target=\"_blank\" rel=\"noopener noreferrer\">\u00a0locksmithing emergency<\/a>? Call the talented team at Locksmith 775 today.<\/p><\/div>\t\t\t\t\t\t<\/div>\n\t\t\t\t<\/div>\n\t\t\t\t\t<\/div>\n\t\t<\/div>\n\t\t\t\t\t<\/div>\n\t\t<\/section>\n\t\t\t\t<section class=\"elementor-section elementor-top-section elementor-element elementor-element-f5706ef elementor-section-boxed elementor-section-height-default elementor-section-height-default\" data-id=\"f5706ef\" data-element_type=\"section\">\n\t\t\t\t\t\t<div class=\"elementor-container elementor-column-gap-default\">\n\t\t\t\t\t<div class=\"elementor-column elementor-col-100 elementor-top-column elementor-element elementor-element-e191033\" data-id=\"e191033\" data-element_type=\"column\">\n\t\t\t<div class=\"elementor-widget-wrap elementor-element-populated\">\n\t\t\t\t\t\t<div class=\"elementor-element elementor-element-b864395 elementor-widget elementor-widget-google_maps\" data-id=\"b864395\" data-element_type=\"widget\" data-widget_type=\"google_maps.default\">\n\t\t\t\t<div class=\"elementor-widget-container\">\n\t\t\t\t\t<div class=\"elementor-custom-embed\">\n\t\t\t<iframe class=\"lazyload\" loading=\"lazy\"\n\t\t\t\t\tsrc=\"https:\/\/maps.google.com\/maps?q=Locksmith%20Reno%20775&#038;t=m&#038;z=10&#038;output=embed&#038;iwloc=near\"\n\t\t\t\t\ttitle=\"Cerrajero Reno 775\"\n\t\t\t\t\taria-label=\"Cerrajero Reno 775\"\n\t\t\t><\/iframe>\n\t\t<\/div>\n\t\t\t\t<\/div>\n\t\t\t\t<\/div>\n\t\t\t\t\t<\/div>\n\t\t<\/div>\n\t\t\t\t\t<\/div>\n\t\t<\/section>\n\t\t\t\t<\/div>","protected":false},"excerpt":{"rendered":"<p>If you are looking for an&nbsp;emergency locksmith in Reno, you found the best with Locksmith 775. We are Reno and Sparks number 1 emergency locksmith service. No one likes to be stuck, especially if it\u2019s at night. We will come to you at your hour of need, no matter what time, anywhere in Reno-Sparks. Our [&hellip;]<\/p>","protected":false},"author":5,"featured_media":1076,"parent":0,"menu_order":0,"comment_status":"closed","ping_status":"closed","template":"elementor_header_footer","meta":{"footnotes":""},"class_list":["post-1677","page","type-page","status-publish","has-post-thumbnail","hentry"],"yoast_head":"<!-- This site is optimized with the Yoast SEO plugin v23.7 - https:\/\/yoast.com\/wordpress\/plugins\/seo\/ -->\n<title>Emergency Locksmiths When You Need it Most - Locksmith 775 | Reno Locksmith<\/title>\n<meta name=\"robots\" content=\"index, follow, max-snippet:-1, max-image-preview:large, max-video-preview:-1\" \/>\n<link rel=\"canonical\" href=\"https:\/\/gray-octopus-339309.hostingersite.com\/es_co\/emergency-locksmiths-need\/\" \/>\n<meta property=\"og:locale\" content=\"es_ES\" \/>\n<meta property=\"og:type\" content=\"article\" \/>\n<meta property=\"og:title\" content=\"Emergency Locksmiths When You Need it Most - Locksmith 775 | Reno Locksmith\" \/>\n<meta property=\"og:description\" content=\"If you are looking for an&nbsp;emergency locksmith in Reno, you found the best with Locksmith 775. We are Reno and Sparks number 1 emergency locksmith service. No one likes to be stuck, especially if it\u2019s at night. We will come to you at your hour of need, no matter what time, anywhere in Reno-Sparks. Our [&hellip;]\" \/>\n<meta property=\"og:url\" content=\"https:\/\/gray-octopus-339309.hostingersite.com\/es_co\/emergency-locksmiths-need\/\" \/>\n<meta property=\"og:site_name\" content=\"Locksmith 775 | Reno Locksmith\" \/>\n<meta property=\"article:modified_time\" content=\"2019-12-27T02:48:16+00:00\" \/>\n<meta property=\"og:image\" content=\"https:\/\/gray-octopus-339309.hostingersite.com\/wp-content\/uploads\/2019\/01\/Depositphotos_170790180_l-2015.jpg\" \/>\n\t<meta property=\"og:image:width\" content=\"2000\" \/>\n\t<meta property=\"og:image:height\" content=\"1125\" \/>\n\t<meta property=\"og:image:type\" content=\"image\/jpeg\" \/>\n<meta name=\"twitter:card\" content=\"summary_large_image\" \/>\n<meta name=\"twitter:label1\" content=\"Tiempo de lectura\" \/>\n\t<meta name=\"twitter:data1\" content=\"1 minuto\" \/>\n<script type=\"application\/ld+json\" class=\"yoast-schema-graph\">{\"@context\":\"https:\/\/schema.org\",\"@graph\":[{\"@type\":\"WebPage\",\"@id\":\"https:\/\/gray-octopus-339309.hostingersite.com\/es_co\/emergency-locksmiths-need\/\",\"url\":\"https:\/\/gray-octopus-339309.hostingersite.com\/es_co\/emergency-locksmiths-need\/\",\"name\":\"Emergency Locksmiths When You Need it Most - Locksmith 775 | Reno Locksmith\",\"isPartOf\":{\"@id\":\"https:\/\/gray-octopus-339309.hostingersite.com\/pl\/#website\"},\"primaryImageOfPage\":{\"@id\":\"https:\/\/gray-octopus-339309.hostingersite.com\/es_co\/emergency-locksmiths-need\/#primaryimage\"},\"image\":{\"@id\":\"https:\/\/gray-octopus-339309.hostingersite.com\/es_co\/emergency-locksmiths-need\/#primaryimage\"},\"thumbnailUrl\":\"https:\/\/gray-octopus-339309.hostingersite.com\/wp-content\/uploads\/2019\/01\/Depositphotos_170790180_l-2015.jpg\",\"datePublished\":\"2019-01-27T20:16:37+00:00\",\"dateModified\":\"2019-12-27T02:48:16+00:00\",\"breadcrumb\":{\"@id\":\"https:\/\/gray-octopus-339309.hostingersite.com\/es_co\/emergency-locksmiths-need\/#breadcrumb\"},\"inLanguage\":\"es-CO\",\"potentialAction\":[{\"@type\":\"ReadAction\",\"target\":[\"https:\/\/gray-octopus-339309.hostingersite.com\/es_co\/emergency-locksmiths-need\/\"]}]},{\"@type\":\"ImageObject\",\"inLanguage\":\"es-CO\",\"@id\":\"https:\/\/gray-octopus-339309.hostingersite.com\/es_co\/emergency-locksmiths-need\/#primaryimage\",\"url\":\"https:\/\/gray-octopus-339309.hostingersite.com\/wp-content\/uploads\/2019\/01\/Depositphotos_170790180_l-2015.jpg\",\"contentUrl\":\"https:\/\/gray-octopus-339309.hostingersite.com\/wp-content\/uploads\/2019\/01\/Depositphotos_170790180_l-2015.jpg\",\"width\":2000,\"height\":1125,\"caption\":\"Locksmith Repairman Vector. Unlock The Door Service. Cartoon Character Illustration\"},{\"@type\":\"BreadcrumbList\",\"@id\":\"https:\/\/gray-octopus-339309.hostingersite.com\/es_co\/emergency-locksmiths-need\/#breadcrumb\",\"itemListElement\":[{\"@type\":\"ListItem\",\"position\":1,\"name\":\"Home\",\"item\":\"https:\/\/gray-octopus-339309.hostingersite.com\/pl\/\"},{\"@type\":\"ListItem\",\"position\":2,\"name\":\"Emergency Locksmiths When You Need it Most\"}]},{\"@type\":\"WebSite\",\"@id\":\"https:\/\/gray-octopus-339309.hostingersite.com\/pl\/#website\",\"url\":\"https:\/\/gray-octopus-339309.hostingersite.com\/pl\/\",\"name\":\"Locksmith 775 | Reno Locksmith\",\"description\":\"Reno Locksmith Services - Serving Reno-Sparks\",\"publisher\":{\"@id\":\"https:\/\/gray-octopus-339309.hostingersite.com\/pl\/#organization\"},\"potentialAction\":[{\"@type\":\"SearchAction\",\"target\":{\"@type\":\"EntryPoint\",\"urlTemplate\":\"https:\/\/gray-octopus-339309.hostingersite.com\/pl\/?s={search_term_string}\"},\"query-input\":{\"@type\":\"PropertyValueSpecification\",\"valueRequired\":true,\"valueName\":\"search_term_string\"}}],\"inLanguage\":\"es-CO\"},{\"@type\":\"Organization\",\"@id\":\"https:\/\/gray-octopus-339309.hostingersite.com\/pl\/#organization\",\"name\":\"LA Best Locksmith\",\"url\":\"https:\/\/gray-octopus-339309.hostingersite.com\/pl\/\",\"logo\":{\"@type\":\"ImageObject\",\"inLanguage\":\"es-CO\",\"@id\":\"https:\/\/gray-octopus-339309.hostingersite.com\/pl\/#\/schema\/logo\/image\/\",\"url\":\"https:\/\/gray-octopus-339309.hostingersite.com\/wp-content\/uploads\/2018\/10\/cropped-logo-274.png\",\"contentUrl\":\"https:\/\/gray-octopus-339309.hostingersite.com\/wp-content\/uploads\/2018\/10\/cropped-logo-274.png\",\"width\":600,\"height\":274,\"caption\":\"LA Best Locksmith\"},\"image\":{\"@id\":\"https:\/\/gray-octopus-339309.hostingersite.com\/pl\/#\/schema\/logo\/image\/\"}}]}<\/script>\n<!-- \/ Yoast SEO plugin. -->","yoast_head_json":{"title":"Emergency Locksmiths When You Need it Most - Locksmith 775 | Reno Locksmith","robots":{"index":"index","follow":"follow","max-snippet":"max-snippet:-1","max-image-preview":"max-image-preview:large","max-video-preview":"max-video-preview:-1"},"canonical":"https:\/\/gray-octopus-339309.hostingersite.com\/es_co\/emergency-locksmiths-need\/","og_locale":"es_ES","og_type":"article","og_title":"Emergency Locksmiths When You Need it Most - Locksmith 775 | Reno Locksmith","og_description":"If you are looking for an&nbsp;emergency locksmith in Reno, you found the best with Locksmith 775. We are Reno and Sparks number 1 emergency locksmith service. No one likes to be stuck, especially if it\u2019s at night. We will come to you at your hour of need, no matter what time, anywhere in Reno-Sparks. Our [&hellip;]","og_url":"https:\/\/gray-octopus-339309.hostingersite.com\/es_co\/emergency-locksmiths-need\/","og_site_name":"Locksmith 775 | Reno Locksmith","article_modified_time":"2019-12-27T02:48:16+00:00","og_image":[{"width":2000,"height":1125,"url":"https:\/\/gray-octopus-339309.hostingersite.com\/wp-content\/uploads\/2019\/01\/Depositphotos_170790180_l-2015.jpg","type":"image\/jpeg"}],"twitter_card":"summary_large_image","twitter_misc":{"Tiempo de lectura":"1 minuto"},"schema":{"@context":"https:\/\/schema.org","@graph":[{"@type":"WebPage","@id":"https:\/\/gray-octopus-339309.hostingersite.com\/es_co\/emergency-locksmiths-need\/","url":"https:\/\/gray-octopus-339309.hostingersite.com\/es_co\/emergency-locksmiths-need\/","name":"Emergency Locksmiths When You Need it Most - Locksmith 775 | Reno Locksmith","isPartOf":{"@id":"https:\/\/gray-octopus-339309.hostingersite.com\/pl\/#website"},"primaryImageOfPage":{"@id":"https:\/\/gray-octopus-339309.hostingersite.com\/es_co\/emergency-locksmiths-need\/#primaryimage"},"image":{"@id":"https:\/\/gray-octopus-339309.hostingersite.com\/es_co\/emergency-locksmiths-need\/#primaryimage"},"thumbnailUrl":"https:\/\/gray-octopus-339309.hostingersite.com\/wp-content\/uploads\/2019\/01\/Depositphotos_170790180_l-2015.jpg","datePublished":"2019-01-27T20:16:37+00:00","dateModified":"2019-12-27T02:48:16+00:00","breadcrumb":{"@id":"https:\/\/gray-octopus-339309.hostingersite.com\/es_co\/emergency-locksmiths-need\/#breadcrumb"},"inLanguage":"es-CO","potentialAction":[{"@type":"ReadAction","target":["https:\/\/gray-octopus-339309.hostingersite.com\/es_co\/emergency-locksmiths-need\/"]}]},{"@type":"ImageObject","inLanguage":"es-CO","@id":"https:\/\/gray-octopus-339309.hostingersite.com\/es_co\/emergency-locksmiths-need\/#primaryimage","url":"https:\/\/gray-octopus-339309.hostingersite.com\/wp-content\/uploads\/2019\/01\/Depositphotos_170790180_l-2015.jpg","contentUrl":"https:\/\/gray-octopus-339309.hostingersite.com\/wp-content\/uploads\/2019\/01\/Depositphotos_170790180_l-2015.jpg","width":2000,"height":1125,"caption":"Locksmith Repairman Vector. Unlock The Door Service. Cartoon Character Illustration"},{"@type":"BreadcrumbList","@id":"https:\/\/gray-octopus-339309.hostingersite.com\/es_co\/emergency-locksmiths-need\/#breadcrumb","itemListElement":[{"@type":"ListItem","position":1,"name":"Home","item":"https:\/\/gray-octopus-339309.hostingersite.com\/pl\/"},{"@type":"ListItem","position":2,"name":"Emergency Locksmiths When You Need it Most"}]},{"@type":"WebSite","@id":"https:\/\/gray-octopus-339309.hostingersite.com\/pl\/#website","url":"https:\/\/gray-octopus-339309.hostingersite.com\/pl\/","name":"Locksmith 775 | Reno Locksmith","description":"Reno Locksmith Services - Serving Reno-Sparks","publisher":{"@id":"https:\/\/gray-octopus-339309.hostingersite.com\/pl\/#organization"},"potentialAction":[{"@type":"SearchAction","target":{"@type":"EntryPoint","urlTemplate":"https:\/\/gray-octopus-339309.hostingersite.com\/pl\/?s={search_term_string}"},"query-input":{"@type":"PropertyValueSpecification","valueRequired":true,"valueName":"search_term_string"}}],"inLanguage":"es-CO"},{"@type":"Organization","@id":"https:\/\/gray-octopus-339309.hostingersite.com\/pl\/#organization","name":"LA Best Locksmith","url":"https:\/\/gray-octopus-339309.hostingersite.com\/pl\/","logo":{"@type":"ImageObject","inLanguage":"es-CO","@id":"https:\/\/gray-octopus-339309.hostingersite.com\/pl\/#\/schema\/logo\/image\/","url":"https:\/\/gray-octopus-339309.hostingersite.com\/wp-content\/uploads\/2018\/10\/cropped-logo-274.png","contentUrl":"https:\/\/gray-octopus-339309.hostingersite.com\/wp-content\/uploads\/2018\/10\/cropped-logo-274.png","width":600,"height":274,"caption":"LA Best Locksmith"},"image":{"@id":"https:\/\/gray-octopus-339309.hostingersite.com\/pl\/#\/schema\/logo\/image\/"}}]}},"_links":{"self":[{"href":"https:\/\/gray-octopus-339309.hostingersite.com\/es_co\/wp-json\/wp\/v2\/pages\/1677","targetHints":{"allow":["GET"]}}],"collection":[{"href":"https:\/\/gray-octopus-339309.hostingersite.com\/es_co\/wp-json\/wp\/v2\/pages"}],"about":[{"href":"https:\/\/gray-octopus-339309.hostingersite.com\/es_co\/wp-json\/wp\/v2\/types\/page"}],"author":[{"embeddable":true,"href":"https:\/\/gray-octopus-339309.hostingersite.com\/es_co\/wp-json\/wp\/v2\/users\/5"}],"replies":[{"embeddable":true,"href":"https:\/\/gray-octopus-339309.hostingersite.com\/es_co\/wp-json\/wp\/v2\/comments?post=1677"}],"version-history":[{"count":0,"href":"https:\/\/gray-octopus-339309.hostingersite.com\/es_co\/wp-json\/wp\/v2\/pages\/1677\/revisions"}],"wp:featuredmedia":[{"embeddable":true,"href":"https:\/\/gray-octopus-339309.hostingersite.com\/es_co\/wp-json\/wp\/v2\/media\/1076"}],"wp:attachment":[{"href":"https:\/\/gray-octopus-339309.hostingersite.com\/es_co\/wp-json\/wp\/v2\/media?parent=1677"}],"curies":[{"name":"wp","href":"https:\/\/api.w.org\/{rel}","templated":true}]}}