{"id":1626,"date":"2019-01-27T10:45:23","date_gmt":"2019-01-27T18:45:23","guid":{"rendered":"http:\/\/gray-octopus-339309.hostingersite.com\/?page_id=1626"},"modified":"2019-01-27T10:46:21","modified_gmt":"2019-01-27T18:46:21","slug":"changing-a-master-key-lock-system","status":"publish","type":"page","link":"https:\/\/gray-octopus-339309.hostingersite.com\/es_co\/changing-a-master-key-lock-system\/","title":{"rendered":"Cambiar un sistema de bloqueo de llave maestra"},"content":{"rendered":"<div data-elementor-type=\"wp-post\" data-elementor-id=\"1626\" class=\"elementor elementor-1626 elementor-bc-flex-widget\" data-elementor-post-type=\"page\">\n\t\t\t\t\t\t<section class=\"elementor-section elementor-top-section elementor-element elementor-element-241a743 elementor-section-stretched elementor-section-boxed elementor-section-height-default elementor-section-height-default\" data-id=\"241a743\" data-element_type=\"section\" data-settings=\"{&quot;stretch_section&quot;:&quot;section-stretched&quot;,&quot;background_background&quot;:&quot;classic&quot;}\">\n\t\t\t\t\t\t\t<div class=\"elementor-background-overlay\"><\/div>\n\t\t\t\t\t\t\t<div class=\"elementor-container elementor-column-gap-default\">\n\t\t\t\t\t<div class=\"elementor-column elementor-col-100 elementor-top-column elementor-element elementor-element-3880c83\" data-id=\"3880c83\" data-element_type=\"column\">\n\t\t\t<div class=\"elementor-widget-wrap elementor-element-populated\">\n\t\t\t\t\t\t<div class=\"elementor-element elementor-element-a1e3367 elementor-widget elementor-widget-heading\" data-id=\"a1e3367\" data-element_type=\"widget\" data-widget_type=\"heading.default\">\n\t\t\t\t<div class=\"elementor-widget-container\">\n\t\t\t<h1 class=\"elementor-heading-title elementor-size-default\">Cambiar un sistema de bloqueo de llave maestra<\/h1>\t\t<\/div>\n\t\t\t\t<\/div>\n\t\t\t\t\t<\/div>\n\t\t<\/div>\n\t\t\t\t\t<\/div>\n\t\t<\/section>\n\t\t\t\t<section class=\"elementor-section elementor-top-section elementor-element elementor-element-4f8c1fb elementor-section-boxed elementor-section-height-default elementor-section-height-default\" data-id=\"4f8c1fb\" data-element_type=\"section\">\n\t\t\t\t\t\t<div class=\"elementor-container elementor-column-gap-default\">\n\t\t\t\t\t<div class=\"elementor-column elementor-col-100 elementor-top-column elementor-element elementor-element-ae1e1f1\" data-id=\"ae1e1f1\" data-element_type=\"column\">\n\t\t\t<div class=\"elementor-widget-wrap elementor-element-populated\">\n\t\t\t\t\t\t<div class=\"elementor-element elementor-element-381ed1b elementor-widget elementor-widget-text-editor\" data-id=\"381ed1b\" data-element_type=\"widget\" data-widget_type=\"text-editor.default\">\n\t\t\t\t<div class=\"elementor-widget-container\">\n\t\t\t\t\t\t\t<p>A \u201c<a href=\"\/es_co\/master-key-system.html\/\" target=\"_blank\" rel=\"noopener noreferrer\">sistema de llave maestra<\/a>\u201d is a system used primarily by businesses, especially office buildings, in which people who have access to specific areas are each given a specific key that can access specific areas of the building. There\u2019s a ton of benefits to master key systems:<\/p><ul><li>Mejor control de acceso<\/li><li>Minimizar el n\u00famero de claves que se utilizan<\/li><li>Ahorro de dinero en costos de reemplazo de llaves<\/li><li>Acceso r\u00e1pido a \u00e1reas espec\u00edficas o a todas las \u00e1reas para el personal de gesti\u00f3n y seguridad.<\/li><li>Puede salvar vidas en situaciones de emergencia.<\/li><li>Las claves no se pueden copiar sin su permiso<\/li><\/ul><p>People are often confused by\u00a0<a href=\"\/es_co\/master-key-system.html\/\" target=\"_blank\" rel=\"noopener noreferrer\">master key lock systems<\/a>, so here we want to elaborate on what a master key lock system is and how it actually works. Basically, one key can open two doors, but another key opens one of the doors, but not the other. Confusing, right?<\/p><p>A\u00a0<a href=\"\/es_co\/master-key-system.html\/\" target=\"_blank\" rel=\"noopener noreferrer\">sistema de llave maestra<\/a>\u00a0allows two or more keys to open one lock. To make a master key system, you need locks and keys that are the same make and model, and a way to re-key those locks. Pin tumbler master locks use a master wafer, or pin, in between the key pin and the driver pin.<\/p><ul><li>Keys cannot be copied without your permission, expressly.<\/li><\/ul><p>This is a great aspect of master lock systems.<\/p><p><strong>The Four Types of Master Key Systems<\/strong><\/p><p><b>Sistema GMG<\/b>\u00a0\u2013 The GMG system, or General Main Group system, is a hierarchical structure consisting of a general\u00a0<a href=\"\/es_co\/master-key-system.html\/\">llave maestra,<\/a>\u00a0<a href=\"\/es_co\/master-key-system.html\/\" target=\"_blank\" rel=\"noopener noreferrer\">subordinate keys\u00a0<\/a>and own keys. The structure of a General Main Group system is very similar to that of a company. This type of master key system is commonly used by administration and infrastructure companies.<\/p><p><b>Sistema de clave principal<\/b>\u00a0\u2013 A main key system is a system in which locks are given different cylinder configurations that correspond to specific keys. These are primarily used by businesses in the commercial sector.<\/p><p><b>Sistema de cierre centralizado con llave maestra t\u00e9cnica.<\/b>\u00a0\u2013 You will see this type of master key system in use by Homeowner\u2019s associations and other types of housing developments. Locks on individual dwellings or flats are given different locking cylinders that are tied to\u00a0<a href=\"\/es_co\/master-key-system.html\/\">espec\u00edfico<\/a>\u00a0llaves. Por lo general, tambi\u00e9n se proporciona una llave maestra que abre las \u00e1reas de mantenimiento donde se almacena el equipo de mantenimiento.<\/p><p><b>Sistema de llave maestra combinado<\/b>\u00a0\u2013 In this type of master key system, doors are<a href=\"http:\/\/mirage-systems.de\/landing\/licence-protector-lp-en.html?gclid=CjwKEAjw4IjKBRDr6p752cCUm3kSJAC-eqRtpAWzIomOLjzFuCWwoN4d0r0f_Kn13Nrk958BaPsrgBoC08vw_wcB\" target=\"_blank\" rel=\"noopener noreferrer\">\u00a0protegido\u00a0<\/a>tanto por medios mec\u00e1nicos como\u00a0<a href=\"https:\/\/jayso.com\/\" target=\"_blank\" rel=\"noopener noreferrer\">electr\u00f3nico\u00a0<\/a>Cerraduras. Estas cerraduras s\u00f3lo se pueden desbloquear con la tarjeta de identificaci\u00f3n correcta. La tarjeta tendr\u00e1 el c\u00f3digo de combinaci\u00f3n apropiado que abre la puerta.<\/p><p>If you have a large facility in Reno and need your Master Lock System checked, updated, or installed, contact the talented team of\u00a0<a href=\"\/es_co\/contact-us.html\/\" target=\"_blank\" rel=\"noopener noreferrer\">Master Key System specialists<\/a>\u00a0at Locksmith 775.<\/p>\t\t\t\t\t\t<\/div>\n\t\t\t\t<\/div>\n\t\t\t\t\t<\/div>\n\t\t<\/div>\n\t\t\t\t\t<\/div>\n\t\t<\/section>\n\t\t\t\t<section class=\"elementor-section elementor-top-section elementor-element elementor-element-f5706ef elementor-section-boxed elementor-section-height-default elementor-section-height-default\" data-id=\"f5706ef\" data-element_type=\"section\">\n\t\t\t\t\t\t<div class=\"elementor-container elementor-column-gap-default\">\n\t\t\t\t\t<div class=\"elementor-column elementor-col-100 elementor-top-column elementor-element elementor-element-e191033\" data-id=\"e191033\" data-element_type=\"column\">\n\t\t\t<div class=\"elementor-widget-wrap elementor-element-populated\">\n\t\t\t\t\t\t<div class=\"elementor-element elementor-element-b864395 elementor-widget elementor-widget-google_maps\" data-id=\"b864395\" data-element_type=\"widget\" data-widget_type=\"google_maps.default\">\n\t\t\t\t<div class=\"elementor-widget-container\">\n\t\t\t\t\t<div class=\"elementor-custom-embed\">\n\t\t\t<iframe class=\"lazyload\" loading=\"lazy\"\n\t\t\t\t\tsrc=\"https:\/\/maps.google.com\/maps?q=Locksmith%20Reno%20775&#038;t=m&#038;z=10&#038;output=embed&#038;iwloc=near\"\n\t\t\t\t\ttitle=\"Cerrajero Reno 775\"\n\t\t\t\t\taria-label=\"Cerrajero Reno 775\"\n\t\t\t><\/iframe>\n\t\t<\/div>\n\t\t\t\t<\/div>\n\t\t\t\t<\/div>\n\t\t\t\t\t<\/div>\n\t\t<\/div>\n\t\t\t\t\t<\/div>\n\t\t<\/section>\n\t\t\t\t<\/div>","protected":false},"excerpt":{"rendered":"<p>A \u201cmaster key system\u201d is a system used primarily by businesses, especially office buildings, in which people who have access to specific areas are each given a specific key that can access specific areas of the building. There\u2019s a ton of benefits to master key systems: Better access control Minimizing the number of keys that [&hellip;]<\/p>","protected":false},"author":5,"featured_media":1610,"parent":0,"menu_order":0,"comment_status":"closed","ping_status":"closed","template":"elementor_header_footer","meta":{"footnotes":""},"class_list":["post-1626","page","type-page","status-publish","has-post-thumbnail","hentry"],"yoast_head":"<!-- This site is optimized with the Yoast SEO plugin v23.7 - https:\/\/yoast.com\/wordpress\/plugins\/seo\/ -->\n<title>Changing a Master Key Lock System - Locksmith 775 | Reno Locksmith<\/title>\n<meta name=\"robots\" content=\"index, follow, max-snippet:-1, max-image-preview:large, max-video-preview:-1\" \/>\n<link rel=\"canonical\" href=\"https:\/\/gray-octopus-339309.hostingersite.com\/es_co\/changing-a-master-key-lock-system\/\" \/>\n<meta property=\"og:locale\" content=\"es_ES\" \/>\n<meta property=\"og:type\" content=\"article\" \/>\n<meta property=\"og:title\" content=\"Changing a Master Key Lock System - Locksmith 775 | Reno Locksmith\" \/>\n<meta property=\"og:description\" content=\"A \u201cmaster key system\u201d is a system used primarily by businesses, especially office buildings, in which people who have access to specific areas are each given a specific key that can access specific areas of the building. There\u2019s a ton of benefits to master key systems: Better access control Minimizing the number of keys that [&hellip;]\" \/>\n<meta property=\"og:url\" content=\"https:\/\/gray-octopus-339309.hostingersite.com\/es_co\/changing-a-master-key-lock-system\/\" \/>\n<meta property=\"og:site_name\" content=\"Locksmith 775 | Reno Locksmith\" \/>\n<meta property=\"article:modified_time\" content=\"2019-01-27T18:46:21+00:00\" \/>\n<meta property=\"og:image\" content=\"https:\/\/gray-octopus-339309.hostingersite.com\/wp-content\/uploads\/2019\/01\/key-2114046_1920.jpg\" \/>\n\t<meta property=\"og:image:width\" content=\"1250\" \/>\n\t<meta property=\"og:image:height\" content=\"703\" \/>\n\t<meta property=\"og:image:type\" content=\"image\/jpeg\" \/>\n<meta name=\"twitter:card\" content=\"summary_large_image\" \/>\n<meta name=\"twitter:label1\" content=\"Tiempo de lectura\" \/>\n\t<meta name=\"twitter:data1\" content=\"2 minutos\" \/>\n<script type=\"application\/ld+json\" class=\"yoast-schema-graph\">{\"@context\":\"https:\/\/schema.org\",\"@graph\":[{\"@type\":\"WebPage\",\"@id\":\"https:\/\/gray-octopus-339309.hostingersite.com\/pt\/changing-a-master-key-lock-system\/\",\"url\":\"https:\/\/gray-octopus-339309.hostingersite.com\/pt\/changing-a-master-key-lock-system\/\",\"name\":\"Changing a Master Key Lock System - Locksmith 775 | Reno Locksmith\",\"isPartOf\":{\"@id\":\"https:\/\/gray-octopus-339309.hostingersite.com\/pl\/#website\"},\"primaryImageOfPage\":{\"@id\":\"https:\/\/gray-octopus-339309.hostingersite.com\/pt\/changing-a-master-key-lock-system\/#primaryimage\"},\"image\":{\"@id\":\"https:\/\/gray-octopus-339309.hostingersite.com\/pt\/changing-a-master-key-lock-system\/#primaryimage\"},\"thumbnailUrl\":\"https:\/\/gray-octopus-339309.hostingersite.com\/wp-content\/uploads\/2019\/01\/key-2114046_1920.jpg\",\"datePublished\":\"2019-01-27T18:45:23+00:00\",\"dateModified\":\"2019-01-27T18:46:21+00:00\",\"breadcrumb\":{\"@id\":\"https:\/\/gray-octopus-339309.hostingersite.com\/pt\/changing-a-master-key-lock-system\/#breadcrumb\"},\"inLanguage\":\"es-CO\",\"potentialAction\":[{\"@type\":\"ReadAction\",\"target\":[\"https:\/\/gray-octopus-339309.hostingersite.com\/pt\/changing-a-master-key-lock-system\/\"]}]},{\"@type\":\"ImageObject\",\"inLanguage\":\"es-CO\",\"@id\":\"https:\/\/gray-octopus-339309.hostingersite.com\/pt\/changing-a-master-key-lock-system\/#primaryimage\",\"url\":\"https:\/\/gray-octopus-339309.hostingersite.com\/wp-content\/uploads\/2019\/01\/key-2114046_1920.jpg\",\"contentUrl\":\"https:\/\/gray-octopus-339309.hostingersite.com\/wp-content\/uploads\/2019\/01\/key-2114046_1920.jpg\",\"width\":1250,\"height\":703,\"caption\":\"master key reno & sparks\"},{\"@type\":\"BreadcrumbList\",\"@id\":\"https:\/\/gray-octopus-339309.hostingersite.com\/pt\/changing-a-master-key-lock-system\/#breadcrumb\",\"itemListElement\":[{\"@type\":\"ListItem\",\"position\":1,\"name\":\"Home\",\"item\":\"https:\/\/gray-octopus-339309.hostingersite.com\/pl\/\"},{\"@type\":\"ListItem\",\"position\":2,\"name\":\"Changing a Master Key Lock System\"}]},{\"@type\":\"WebSite\",\"@id\":\"https:\/\/gray-octopus-339309.hostingersite.com\/pl\/#website\",\"url\":\"https:\/\/gray-octopus-339309.hostingersite.com\/pl\/\",\"name\":\"Locksmith 775 | Reno Locksmith\",\"description\":\"Reno Locksmith Services - Serving Reno-Sparks\",\"publisher\":{\"@id\":\"https:\/\/gray-octopus-339309.hostingersite.com\/pl\/#organization\"},\"potentialAction\":[{\"@type\":\"SearchAction\",\"target\":{\"@type\":\"EntryPoint\",\"urlTemplate\":\"https:\/\/gray-octopus-339309.hostingersite.com\/pl\/?s={search_term_string}\"},\"query-input\":{\"@type\":\"PropertyValueSpecification\",\"valueRequired\":true,\"valueName\":\"search_term_string\"}}],\"inLanguage\":\"es-CO\"},{\"@type\":\"Organization\",\"@id\":\"https:\/\/gray-octopus-339309.hostingersite.com\/pl\/#organization\",\"name\":\"LA Best Locksmith\",\"url\":\"https:\/\/gray-octopus-339309.hostingersite.com\/pl\/\",\"logo\":{\"@type\":\"ImageObject\",\"inLanguage\":\"es-CO\",\"@id\":\"https:\/\/gray-octopus-339309.hostingersite.com\/pl\/#\/schema\/logo\/image\/\",\"url\":\"https:\/\/gray-octopus-339309.hostingersite.com\/wp-content\/uploads\/2018\/10\/cropped-logo-274.png\",\"contentUrl\":\"https:\/\/gray-octopus-339309.hostingersite.com\/wp-content\/uploads\/2018\/10\/cropped-logo-274.png\",\"width\":600,\"height\":274,\"caption\":\"LA Best Locksmith\"},\"image\":{\"@id\":\"https:\/\/gray-octopus-339309.hostingersite.com\/pl\/#\/schema\/logo\/image\/\"}}]}<\/script>\n<!-- \/ Yoast SEO plugin. -->","yoast_head_json":{"title":"Changing a Master Key Lock System - Locksmith 775 | Reno Locksmith","robots":{"index":"index","follow":"follow","max-snippet":"max-snippet:-1","max-image-preview":"max-image-preview:large","max-video-preview":"max-video-preview:-1"},"canonical":"https:\/\/gray-octopus-339309.hostingersite.com\/es_co\/changing-a-master-key-lock-system\/","og_locale":"es_ES","og_type":"article","og_title":"Changing a Master Key Lock System - Locksmith 775 | Reno Locksmith","og_description":"A \u201cmaster key system\u201d is a system used primarily by businesses, especially office buildings, in which people who have access to specific areas are each given a specific key that can access specific areas of the building. There\u2019s a ton of benefits to master key systems: Better access control Minimizing the number of keys that [&hellip;]","og_url":"https:\/\/gray-octopus-339309.hostingersite.com\/es_co\/changing-a-master-key-lock-system\/","og_site_name":"Locksmith 775 | Reno Locksmith","article_modified_time":"2019-01-27T18:46:21+00:00","og_image":[{"width":1250,"height":703,"url":"https:\/\/gray-octopus-339309.hostingersite.com\/wp-content\/uploads\/2019\/01\/key-2114046_1920.jpg","type":"image\/jpeg"}],"twitter_card":"summary_large_image","twitter_misc":{"Tiempo de lectura":"2 minutos"},"schema":{"@context":"https:\/\/schema.org","@graph":[{"@type":"WebPage","@id":"https:\/\/gray-octopus-339309.hostingersite.com\/pt\/changing-a-master-key-lock-system\/","url":"https:\/\/gray-octopus-339309.hostingersite.com\/pt\/changing-a-master-key-lock-system\/","name":"Changing a Master Key Lock System - Locksmith 775 | Reno Locksmith","isPartOf":{"@id":"https:\/\/gray-octopus-339309.hostingersite.com\/pl\/#website"},"primaryImageOfPage":{"@id":"https:\/\/gray-octopus-339309.hostingersite.com\/pt\/changing-a-master-key-lock-system\/#primaryimage"},"image":{"@id":"https:\/\/gray-octopus-339309.hostingersite.com\/pt\/changing-a-master-key-lock-system\/#primaryimage"},"thumbnailUrl":"https:\/\/gray-octopus-339309.hostingersite.com\/wp-content\/uploads\/2019\/01\/key-2114046_1920.jpg","datePublished":"2019-01-27T18:45:23+00:00","dateModified":"2019-01-27T18:46:21+00:00","breadcrumb":{"@id":"https:\/\/gray-octopus-339309.hostingersite.com\/pt\/changing-a-master-key-lock-system\/#breadcrumb"},"inLanguage":"es-CO","potentialAction":[{"@type":"ReadAction","target":["https:\/\/gray-octopus-339309.hostingersite.com\/pt\/changing-a-master-key-lock-system\/"]}]},{"@type":"ImageObject","inLanguage":"es-CO","@id":"https:\/\/gray-octopus-339309.hostingersite.com\/pt\/changing-a-master-key-lock-system\/#primaryimage","url":"https:\/\/gray-octopus-339309.hostingersite.com\/wp-content\/uploads\/2019\/01\/key-2114046_1920.jpg","contentUrl":"https:\/\/gray-octopus-339309.hostingersite.com\/wp-content\/uploads\/2019\/01\/key-2114046_1920.jpg","width":1250,"height":703,"caption":"master key reno & sparks"},{"@type":"BreadcrumbList","@id":"https:\/\/gray-octopus-339309.hostingersite.com\/pt\/changing-a-master-key-lock-system\/#breadcrumb","itemListElement":[{"@type":"ListItem","position":1,"name":"Home","item":"https:\/\/gray-octopus-339309.hostingersite.com\/pl\/"},{"@type":"ListItem","position":2,"name":"Changing a Master Key Lock System"}]},{"@type":"WebSite","@id":"https:\/\/gray-octopus-339309.hostingersite.com\/pl\/#website","url":"https:\/\/gray-octopus-339309.hostingersite.com\/pl\/","name":"Locksmith 775 | Reno Locksmith","description":"Reno Locksmith Services - Serving Reno-Sparks","publisher":{"@id":"https:\/\/gray-octopus-339309.hostingersite.com\/pl\/#organization"},"potentialAction":[{"@type":"SearchAction","target":{"@type":"EntryPoint","urlTemplate":"https:\/\/gray-octopus-339309.hostingersite.com\/pl\/?s={search_term_string}"},"query-input":{"@type":"PropertyValueSpecification","valueRequired":true,"valueName":"search_term_string"}}],"inLanguage":"es-CO"},{"@type":"Organization","@id":"https:\/\/gray-octopus-339309.hostingersite.com\/pl\/#organization","name":"LA Best Locksmith","url":"https:\/\/gray-octopus-339309.hostingersite.com\/pl\/","logo":{"@type":"ImageObject","inLanguage":"es-CO","@id":"https:\/\/gray-octopus-339309.hostingersite.com\/pl\/#\/schema\/logo\/image\/","url":"https:\/\/gray-octopus-339309.hostingersite.com\/wp-content\/uploads\/2018\/10\/cropped-logo-274.png","contentUrl":"https:\/\/gray-octopus-339309.hostingersite.com\/wp-content\/uploads\/2018\/10\/cropped-logo-274.png","width":600,"height":274,"caption":"LA Best Locksmith"},"image":{"@id":"https:\/\/gray-octopus-339309.hostingersite.com\/pl\/#\/schema\/logo\/image\/"}}]}},"_links":{"self":[{"href":"https:\/\/gray-octopus-339309.hostingersite.com\/es_co\/wp-json\/wp\/v2\/pages\/1626","targetHints":{"allow":["GET"]}}],"collection":[{"href":"https:\/\/gray-octopus-339309.hostingersite.com\/es_co\/wp-json\/wp\/v2\/pages"}],"about":[{"href":"https:\/\/gray-octopus-339309.hostingersite.com\/es_co\/wp-json\/wp\/v2\/types\/page"}],"author":[{"embeddable":true,"href":"https:\/\/gray-octopus-339309.hostingersite.com\/es_co\/wp-json\/wp\/v2\/users\/5"}],"replies":[{"embeddable":true,"href":"https:\/\/gray-octopus-339309.hostingersite.com\/es_co\/wp-json\/wp\/v2\/comments?post=1626"}],"version-history":[{"count":0,"href":"https:\/\/gray-octopus-339309.hostingersite.com\/es_co\/wp-json\/wp\/v2\/pages\/1626\/revisions"}],"wp:featuredmedia":[{"embeddable":true,"href":"https:\/\/gray-octopus-339309.hostingersite.com\/es_co\/wp-json\/wp\/v2\/media\/1610"}],"wp:attachment":[{"href":"https:\/\/gray-octopus-339309.hostingersite.com\/es_co\/wp-json\/wp\/v2\/media?parent=1626"}],"curies":[{"name":"wp","href":"https:\/\/api.w.org\/{rel}","templated":true}]}}